{"id":3522,"date":"2025-05-16T11:20:25","date_gmt":"2025-05-16T09:20:25","guid":{"rendered":"https:\/\/sabinaolijve.com\/?page_id=3522"},"modified":"2025-06-03T15:21:23","modified_gmt":"2025-06-03T13:21:23","slug":"videa","status":"publish","type":"page","link":"https:\/\/sabinaolijve.com\/en\/videa\/","title":{"rendered":"Videos"},"content":{"rendered":"<section class=\"bde-section-3522-100 bde-section\">\n  \n  \n\t\n\n\n\n<div class=\"section-container\"><h1 class=\"bde-heading-3522-101 bde-heading\">\nVideos\n<\/h1><\/div>\n<\/section><section class=\"bde-section-3522-102 bde-section\">\n  \n  \n\t\n\n\n\n<div class=\"section-container\"><div class=\"bde-columns-3522-103 bde-columns\"><div class=\"bde-column-3522-104 bde-column\">\n  \n  \n\t\n\n\n\n<div class=\"bde-text-3522-119 bde-text\">\nMy new single\n<\/div><div class=\"bde-text-3522-120 bde-text\">\n\"\u0160patnej sen\"\n<\/div><a class=\"bde-container-link-3522-107 bde-container-link breakdance-link\" href=\"https:\/\/www.youtube.com\/embed\/85hxbV9h_ek?feature=oembed\" target=\"_self\" data-lightbox-id=\"3522-104\" data-type=\"lightbox\">\n  \n  \n\t\n\n\n\n<div class=\"bde-icon-3522-109 bde-icon\">\n\n    \n            <div class=\"bde-icon-icon breakdance-icon-atom\" >\n    \n                    <svg xmlns=\"http:\/\/www.w3.org\/2000\/svg\" xmlns:xlink=\"http:\/\/www.w3.org\/1999\/xlink\" fill=\"#000000\" height=\"800px\" width=\"800px\" version=\"1.1\" id=\"Capa_1\" viewbox=\"0 0 60 60\" xml:space=\"preserve\">\r\n<g>\r\n\t<path d=\"M45.563,29.174l-22-15c-0.307-0.208-0.703-0.231-1.031-0.058C22.205,14.289,22,14.629,22,15v30   c0,0.371,0.205,0.711,0.533,0.884C22.679,45.962,22.84,46,23,46c0.197,0,0.394-0.059,0.563-0.174l22-15   C45.836,30.64,46,30.331,46,30S45.836,29.36,45.563,29.174z M24,43.107V16.893L43.225,30L24,43.107z\"\/>\r\n\t<path d=\"M30,0C13.458,0,0,13.458,0,30s13.458,30,30,30s30-13.458,30-30S46.542,0,30,0z M30,58C14.561,58,2,45.439,2,30   S14.561,2,30,2s28,12.561,28,28S45.439,58,30,58z\"\/>\r\n<\/g>\r\n<\/svg>\n        \n        \n        \n            <\/div>\n    \n\n\n<\/div>\n\n<\/a>\n<\/div><div class=\"bde-column-3522-121 bde-column\">\n  \n  \n\t\n\n\n\n<div class=\"bde-text-3522-122 bde-text\">\nDebut single\n<\/div><div class=\"bde-text-3522-123 bde-text\">\n\"Sv\u011btlo a st\u00edn\"\n<\/div><a class=\"bde-container-link-3522-124 bde-container-link breakdance-link\" href=\"https:\/\/www.youtube.com\/embed\/ktbEL8yICOU?feature=oembed\" target=\"_self\" data-lightbox-id=\"3522-121\" data-type=\"lightbox\">\n  \n  \n\t\n\n\n\n<div class=\"bde-icon-3522-125 bde-icon\">\n\n    \n            <div class=\"bde-icon-icon breakdance-icon-atom\" >\n    \n                    <svg xmlns=\"http:\/\/www.w3.org\/2000\/svg\" xmlns:xlink=\"http:\/\/www.w3.org\/1999\/xlink\" fill=\"#000000\" height=\"800px\" width=\"800px\" version=\"1.1\" id=\"Capa_1\" viewbox=\"0 0 60 60\" xml:space=\"preserve\">\r\n<g>\r\n\t<path d=\"M45.563,29.174l-22-15c-0.307-0.208-0.703-0.231-1.031-0.058C22.205,14.289,22,14.629,22,15v30   c0,0.371,0.205,0.711,0.533,0.884C22.679,45.962,22.84,46,23,46c0.197,0,0.394-0.059,0.563-0.174l22-15   C45.836,30.64,46,30.331,46,30S45.836,29.36,45.563,29.174z M24,43.107V16.893L43.225,30L24,43.107z\"\/>\r\n\t<path d=\"M30,0C13.458,0,0,13.458,0,30s13.458,30,30,30s30-13.458,30-30S46.542,0,30,0z M30,58C14.561,58,2,45.439,2,30   S14.561,2,30,2s28,12.561,28,28S45.439,58,30,58z\"\/>\r\n<\/g>\r\n<\/svg>\n        \n        \n        \n            <\/div>\n    \n\n\n<\/div>\n\n<\/a>\n<\/div><\/div><\/div>\n<\/section><section class=\"bde-section-3522-129 bde-section\">\n  \n  \n\t\n\n\n\n<div class=\"section-container\"><div class=\"bde-columns-3522-130 bde-columns\"><div class=\"bde-column-3522-131 bde-column\">\n  \n  \n\t\n\n\n\n<a class=\"bde-container-link-3522-134 bde-container-link breakdance-link\" href=\"https:\/\/www.youtube.com\/embed\/DnOilvrVP_o?feature=oembed\" target=\"_self\" data-lightbox-id=\"3522-131\" data-type=\"lightbox\">\n  \n  \n\t\n\n\n\n<div class=\"bde-icon-3522-135 bde-icon\">\n\n    \n            <div class=\"bde-icon-icon breakdance-icon-atom\" >\n    \n                    <svg xmlns=\"http:\/\/www.w3.org\/2000\/svg\" xmlns:xlink=\"http:\/\/www.w3.org\/1999\/xlink\" fill=\"#000000\" height=\"800px\" width=\"800px\" version=\"1.1\" id=\"Capa_1\" viewbox=\"0 0 60 60\" xml:space=\"preserve\">\r\n<g>\r\n\t<path d=\"M45.563,29.174l-22-15c-0.307-0.208-0.703-0.231-1.031-0.058C22.205,14.289,22,14.629,22,15v30   c0,0.371,0.205,0.711,0.533,0.884C22.679,45.962,22.84,46,23,46c0.197,0,0.394-0.059,0.563-0.174l22-15   C45.836,30.64,46,30.331,46,30S45.836,29.36,45.563,29.174z M24,43.107V16.893L43.225,30L24,43.107z\"\/>\r\n\t<path d=\"M30,0C13.458,0,0,13.458,0,30s13.458,30,30,30s30-13.458,30-30S46.542,0,30,0z M30,58C14.561,58,2,45.439,2,30   S14.561,2,30,2s28,12.561,28,28S45.439,58,30,58z\"\/>\r\n<\/g>\r\n<\/svg>\n        \n        \n        \n            <\/div>\n    \n\n\n<\/div>\n\n<\/a>\n<\/div><div class=\"bde-column-3522-144 bde-column\">\n  \n  \n\t\n\n\n\n<a class=\"bde-container-link-3522-145 bde-container-link breakdance-link\" href=\"https:\/\/www.youtube.com\/embed\/vncqbxlFGB8?feature=oembed\" target=\"_self\" data-lightbox-id=\"3522-144\" data-type=\"lightbox\">\n  \n  \n\t\n\n\n\n<div class=\"bde-icon-3522-146 bde-icon\">\n\n    \n            <div class=\"bde-icon-icon breakdance-icon-atom\" >\n    \n                    <svg xmlns=\"http:\/\/www.w3.org\/2000\/svg\" xmlns:xlink=\"http:\/\/www.w3.org\/1999\/xlink\" fill=\"#000000\" height=\"800px\" width=\"800px\" version=\"1.1\" id=\"Capa_1\" viewbox=\"0 0 60 60\" xml:space=\"preserve\">\r\n<g>\r\n\t<path d=\"M45.563,29.174l-22-15c-0.307-0.208-0.703-0.231-1.031-0.058C22.205,14.289,22,14.629,22,15v30   c0,0.371,0.205,0.711,0.533,0.884C22.679,45.962,22.84,46,23,46c0.197,0,0.394-0.059,0.563-0.174l22-15   C45.836,30.64,46,30.331,46,30S45.836,29.36,45.563,29.174z M24,43.107V16.893L43.225,30L24,43.107z\"\/>\r\n\t<path d=\"M30,0C13.458,0,0,13.458,0,30s13.458,30,30,30s30-13.458,30-30S46.542,0,30,0z M30,58C14.561,58,2,45.439,2,30   S14.561,2,30,2s28,12.561,28,28S45.439,58,30,58z\"\/>\r\n<\/g>\r\n<\/svg>\n        \n        \n        \n            <\/div>\n    \n\n\n<\/div>\n\n<\/a>\n<\/div><div class=\"bde-column-3522-147 bde-column\">\n  \n  \n\t\n\n\n\n<a class=\"bde-container-link-3522-148 bde-container-link breakdance-link\" href=\"https:\/\/www.youtube.com\/embed\/Ho5w7bvjzMM?feature=oembed\" target=\"_self\" data-lightbox-id=\"3522-147\" data-type=\"lightbox\">\n  \n  \n\t\n\n\n\n<div class=\"bde-icon-3522-149 bde-icon\">\n\n    \n            <div class=\"bde-icon-icon breakdance-icon-atom\" >\n    \n                    <svg xmlns=\"http:\/\/www.w3.org\/2000\/svg\" xmlns:xlink=\"http:\/\/www.w3.org\/1999\/xlink\" fill=\"#000000\" height=\"800px\" width=\"800px\" version=\"1.1\" id=\"Capa_1\" viewbox=\"0 0 60 60\" xml:space=\"preserve\">\r\n<g>\r\n\t<path d=\"M45.563,29.174l-22-15c-0.307-0.208-0.703-0.231-1.031-0.058C22.205,14.289,22,14.629,22,15v30   c0,0.371,0.205,0.711,0.533,0.884C22.679,45.962,22.84,46,23,46c0.197,0,0.394-0.059,0.563-0.174l22-15   C45.836,30.64,46,30.331,46,30S45.836,29.36,45.563,29.174z M24,43.107V16.893L43.225,30L24,43.107z\"\/>\r\n\t<path d=\"M30,0C13.458,0,0,13.458,0,30s13.458,30,30,30s30-13.458,30-30S46.542,0,30,0z M30,58C14.561,58,2,45.439,2,30   S14.561,2,30,2s28,12.561,28,28S45.439,58,30,58z\"\/>\r\n<\/g>\r\n<\/svg>\n        \n        \n        \n            <\/div>\n    \n\n\n<\/div>\n\n<\/a>\n<\/div><\/div><div class=\"bde-button-3522-160 bde-button\">\n    \n                                    \n    \n    \n    \n    \n            \n                    \n            \n            \n\n    \n    \n    \n    \n    \n    <a class=\"breakdance-link button-atom button-atom--primary bde-button__button\" href=\"https:\/\/www.youtube.com\/@sabinaolijve\" target=\"_self\" data-type=\"url\"  >\n\n    \n        <span class=\"button-atom__text\">YouTube channel<\/span>\n\n        \n        \n                <\/a>\n\n    \n\n\n<\/div><\/div>\n<\/section><section class=\"bde-section-3522-161 bde-section\">\n  \n  \n\t\n\n\n\n<div class=\"section-container\"><div class=\"bde-grid-3522-213 bde-grid\">\n  \n  \n\t\n\n\n\n<a class=\"bde-container-link-3522-190 bde-container-link breakdance-link\" href=\"https:\/\/sabinaolijve.com\/wp-content\/uploads\/2025\/05\/Billie-Jean_02.mp4\" target=\"_self\" data-lightbox-id=\"3522-213\" data-type=\"lightbox\">\n  \n  \n\t\n\n\n\n<div class=\"bde-icon-3522-191 bde-icon\">\n\n    \n            <div class=\"bde-icon-icon breakdance-icon-atom\" >\n    \n                    <svg xmlns=\"http:\/\/www.w3.org\/2000\/svg\" xmlns:xlink=\"http:\/\/www.w3.org\/1999\/xlink\" fill=\"#000000\" height=\"800px\" width=\"800px\" version=\"1.1\" id=\"Capa_1\" viewbox=\"0 0 60 60\" xml:space=\"preserve\">\r\n<g>\r\n\t<path d=\"M45.563,29.174l-22-15c-0.307-0.208-0.703-0.231-1.031-0.058C22.205,14.289,22,14.629,22,15v30   c0,0.371,0.205,0.711,0.533,0.884C22.679,45.962,22.84,46,23,46c0.197,0,0.394-0.059,0.563-0.174l22-15   C45.836,30.64,46,30.331,46,30S45.836,29.36,45.563,29.174z M24,43.107V16.893L43.225,30L24,43.107z\"\/>\r\n\t<path d=\"M30,0C13.458,0,0,13.458,0,30s13.458,30,30,30s30-13.458,30-30S46.542,0,30,0z M30,58C14.561,58,2,45.439,2,30   S14.561,2,30,2s28,12.561,28,28S45.439,58,30,58z\"\/>\r\n<\/g>\r\n<\/svg>\n        \n        \n        \n            <\/div>\n    \n\n\n<\/div>\n\n<\/a><a class=\"bde-container-link-3522-199 bde-container-link breakdance-link\" href=\"https:\/\/sabinaolijve.com\/wp-content\/uploads\/2025\/05\/one-more-time4.mp4\" target=\"_self\" data-lightbox-id=\"3522-213\" data-type=\"lightbox\">\n  \n  \n\t\n\n\n\n<div class=\"bde-icon-3522-200 bde-icon\">\n\n    \n            <div class=\"bde-icon-icon breakdance-icon-atom\" >\n    \n                    <svg xmlns=\"http:\/\/www.w3.org\/2000\/svg\" xmlns:xlink=\"http:\/\/www.w3.org\/1999\/xlink\" fill=\"#000000\" height=\"800px\" width=\"800px\" version=\"1.1\" id=\"Capa_1\" viewbox=\"0 0 60 60\" xml:space=\"preserve\">\r\n<g>\r\n\t<path d=\"M45.563,29.174l-22-15c-0.307-0.208-0.703-0.231-1.031-0.058C22.205,14.289,22,14.629,22,15v30   c0,0.371,0.205,0.711,0.533,0.884C22.679,45.962,22.84,46,23,46c0.197,0,0.394-0.059,0.563-0.174l22-15   C45.836,30.64,46,30.331,46,30S45.836,29.36,45.563,29.174z M24,43.107V16.893L43.225,30L24,43.107z\"\/>\r\n\t<path d=\"M30,0C13.458,0,0,13.458,0,30s13.458,30,30,30s30-13.458,30-30S46.542,0,30,0z M30,58C14.561,58,2,45.439,2,30   S14.561,2,30,2s28,12.561,28,28S45.439,58,30,58z\"\/>\r\n<\/g>\r\n<\/svg>\n        \n        \n        \n            <\/div>\n    \n\n\n<\/div>\n\n<\/a><a class=\"bde-container-link-3522-196 bde-container-link breakdance-link\" href=\"https:\/\/sabinaolijve.com\/wp-content\/uploads\/2025\/05\/Wind-of-Change4.mp4\" target=\"_self\" data-lightbox-id=\"3522-213\" data-type=\"lightbox\">\n  \n  \n\t\n\n\n\n<div class=\"bde-icon-3522-197 bde-icon\">\n\n    \n            <div class=\"bde-icon-icon breakdance-icon-atom\" >\n    \n                    <svg xmlns=\"http:\/\/www.w3.org\/2000\/svg\" xmlns:xlink=\"http:\/\/www.w3.org\/1999\/xlink\" fill=\"#000000\" height=\"800px\" width=\"800px\" version=\"1.1\" id=\"Capa_1\" viewbox=\"0 0 60 60\" xml:space=\"preserve\">\r\n<g>\r\n\t<path d=\"M45.563,29.174l-22-15c-0.307-0.208-0.703-0.231-1.031-0.058C22.205,14.289,22,14.629,22,15v30   c0,0.371,0.205,0.711,0.533,0.884C22.679,45.962,22.84,46,23,46c0.197,0,0.394-0.059,0.563-0.174l22-15   C45.836,30.64,46,30.331,46,30S45.836,29.36,45.563,29.174z M24,43.107V16.893L43.225,30L24,43.107z\"\/>\r\n\t<path d=\"M30,0C13.458,0,0,13.458,0,30s13.458,30,30,30s30-13.458,30-30S46.542,0,30,0z M30,58C14.561,58,2,45.439,2,30   S14.561,2,30,2s28,12.561,28,28S45.439,58,30,58z\"\/>\r\n<\/g>\r\n<\/svg>\n        \n        \n        \n            <\/div>\n    \n\n\n<\/div>\n\n<\/a><a class=\"bde-container-link-3522-203 bde-container-link breakdance-link\" href=\"https:\/\/sabinaolijve.com\/wp-content\/uploads\/2025\/05\/bcab0c8a2a754e6e878e94a7b03b2636.mp4\" target=\"_self\" data-lightbox-id=\"3522-213\" data-type=\"lightbox\">\n  \n  \n\t\n\n\n\n<div class=\"bde-icon-3522-204 bde-icon\">\n\n    \n            <div class=\"bde-icon-icon breakdance-icon-atom\" >\n    \n                    <svg xmlns=\"http:\/\/www.w3.org\/2000\/svg\" xmlns:xlink=\"http:\/\/www.w3.org\/1999\/xlink\" fill=\"#000000\" height=\"800px\" width=\"800px\" version=\"1.1\" id=\"Capa_1\" viewbox=\"0 0 60 60\" xml:space=\"preserve\">\r\n<g>\r\n\t<path d=\"M45.563,29.174l-22-15c-0.307-0.208-0.703-0.231-1.031-0.058C22.205,14.289,22,14.629,22,15v30   c0,0.371,0.205,0.711,0.533,0.884C22.679,45.962,22.84,46,23,46c0.197,0,0.394-0.059,0.563-0.174l22-15   C45.836,30.64,46,30.331,46,30S45.836,29.36,45.563,29.174z M24,43.107V16.893L43.225,30L24,43.107z\"\/>\r\n\t<path d=\"M30,0C13.458,0,0,13.458,0,30s13.458,30,30,30s30-13.458,30-30S46.542,0,30,0z M30,58C14.561,58,2,45.439,2,30   S14.561,2,30,2s28,12.561,28,28S45.439,58,30,58z\"\/>\r\n<\/g>\r\n<\/svg>\n        \n        \n        \n            <\/div>\n    \n\n\n<\/div>\n\n<\/a><a class=\"bde-container-link-3522-206 bde-container-link breakdance-link\" href=\"https:\/\/sabinaolijve.com\/wp-content\/uploads\/2025\/05\/Berlin-2023_final.mp4\" target=\"_self\" data-lightbox-id=\"3522-213\" data-type=\"lightbox\">\n  \n  \n\t\n\n\n\n<div class=\"bde-icon-3522-207 bde-icon\">\n\n    \n            <div class=\"bde-icon-icon breakdance-icon-atom\" >\n    \n                    <svg xmlns=\"http:\/\/www.w3.org\/2000\/svg\" xmlns:xlink=\"http:\/\/www.w3.org\/1999\/xlink\" fill=\"#000000\" height=\"800px\" width=\"800px\" version=\"1.1\" id=\"Capa_1\" viewbox=\"0 0 60 60\" xml:space=\"preserve\">\r\n<g>\r\n\t<path d=\"M45.563,29.174l-22-15c-0.307-0.208-0.703-0.231-1.031-0.058C22.205,14.289,22,14.629,22,15v30   c0,0.371,0.205,0.711,0.533,0.884C22.679,45.962,22.84,46,23,46c0.197,0,0.394-0.059,0.563-0.174l22-15   C45.836,30.64,46,30.331,46,30S45.836,29.36,45.563,29.174z M24,43.107V16.893L43.225,30L24,43.107z\"\/>\r\n\t<path d=\"M30,0C13.458,0,0,13.458,0,30s13.458,30,30,30s30-13.458,30-30S46.542,0,30,0z M30,58C14.561,58,2,45.439,2,30   S14.561,2,30,2s28,12.561,28,28S45.439,58,30,58z\"\/>\r\n<\/g>\r\n<\/svg>\n        \n        \n        \n            <\/div>\n    \n\n\n<\/div>\n\n<\/a><a class=\"bde-container-link-3522-209 bde-container-link breakdance-link\" href=\"https:\/\/sabinaolijve.com\/wp-content\/uploads\/2025\/05\/brain-damage-eclipse.mp4\" target=\"_self\" data-lightbox-id=\"3522-213\" data-type=\"lightbox\">\n  \n  \n\t\n\n\n\n<div class=\"bde-icon-3522-210 bde-icon\">\n\n    \n            <div class=\"bde-icon-icon breakdance-icon-atom\" >\n    \n                    <svg xmlns=\"http:\/\/www.w3.org\/2000\/svg\" xmlns:xlink=\"http:\/\/www.w3.org\/1999\/xlink\" fill=\"#000000\" height=\"800px\" width=\"800px\" version=\"1.1\" id=\"Capa_1\" viewbox=\"0 0 60 60\" xml:space=\"preserve\">\r\n<g>\r\n\t<path d=\"M45.563,29.174l-22-15c-0.307-0.208-0.703-0.231-1.031-0.058C22.205,14.289,22,14.629,22,15v30   c0,0.371,0.205,0.711,0.533,0.884C22.679,45.962,22.84,46,23,46c0.197,0,0.394-0.059,0.563-0.174l22-15   C45.836,30.64,46,30.331,46,30S45.836,29.36,45.563,29.174z M24,43.107V16.893L43.225,30L24,43.107z\"\/>\r\n\t<path d=\"M30,0C13.458,0,0,13.458,0,30s13.458,30,30,30s30-13.458,30-30S46.542,0,30,0z M30,58C14.561,58,2,45.439,2,30   S14.561,2,30,2s28,12.561,28,28S45.439,58,30,58z\"\/>\r\n<\/g>\r\n<\/svg>\n        \n        \n        \n            <\/div>\n    \n\n\n<\/div>\n\n<\/a>\n<\/div><div class=\"bde-button-3522-182 bde-button\">\n    \n                                    \n    \n    \n    \n    \n            \n                    \n            \n            \n\n    \n    \n    \n    \n    \n    <a class=\"breakdance-link button-atom button-atom--primary bde-button__button\" href=\"https:\/\/www.instagram.com\/sabinaolijve\/reels\/\" target=\"_self\" data-type=\"url\"  >\n\n    \n        <span class=\"button-atom__text\">Move videos<\/span>\n\n        \n        \n                <\/a>\n\n    \n\n\n<\/div><\/div>\n<\/section>","protected":false},"excerpt":{"rendered":"<p>Videa M\u016fj nov\u00fd singl \u0160patnej sen Debutov\u00fd singl Sv\u011btlo a st\u00edn YouTube kan\u00e1l V\u00edce vide\u00ed z\u00a0Instagramu<\/p>","protected":false},"author":1,"featured_media":0,"parent":0,"menu_order":0,"comment_status":"closed","ping_status":"closed","template":"","meta":{"_breakdance_hide_in_design_set":false,"_breakdance_tags":"","footnotes":""},"class_list":["post-3522","page","type-page","status-publish","hentry"],"yoast_head":"<!-- This site is optimized with the Yoast SEO Premium plugin v23.0 (Yoast SEO v25.9) - https:\/\/yoast.com\/wordpress\/plugins\/seo\/ -->\n<title>Videa - Sabina Olijve<\/title>\n<meta name=\"description\" content=\"Pod\u00edvejte se na hudebn\u00ed videa a \u017eiv\u00e1 vystoupen\u00ed Sabiny Olijve, v\u010detn\u011b jej\u00edho debutov\u00e9ho singlu \u201eSv\u011btlo a st\u00edn\u201c a obl\u00edben\u00fdch cover verz\u00ed.\" \/>\n<meta name=\"robots\" content=\"index, follow, max-snippet:-1, max-image-preview:large, max-video-preview:-1\" \/>\n<link rel=\"canonical\" href=\"https:\/\/sabinaolijve.com\/en\/videa\/\" \/>\n<meta property=\"og:locale\" content=\"en_GB\" \/>\n<meta property=\"og:type\" content=\"article\" \/>\n<meta property=\"og:title\" content=\"Videa\" \/>\n<meta property=\"og:description\" content=\"Pod\u00edvejte se na hudebn\u00ed videa a \u017eiv\u00e1 vystoupen\u00ed Sabiny Olijve, v\u010detn\u011b jej\u00edho debutov\u00e9ho singlu \u201eSv\u011btlo a st\u00edn\u201c a obl\u00edben\u00fdch cover verz\u00ed.\" \/>\n<meta property=\"og:url\" content=\"https:\/\/sabinaolijve.com\/en\/videa\/\" \/>\n<meta property=\"og:site_name\" content=\"Sabina Olijve\" \/>\n<meta property=\"article:modified_time\" content=\"2025-06-03T13:21:23+00:00\" \/>\n<meta name=\"twitter:card\" content=\"summary_large_image\" \/>\n<meta name=\"twitter:label1\" content=\"Estimated reading time\" \/>\n\t<meta name=\"twitter:data1\" content=\"1 minute\" \/>\n<script type=\"application\/ld+json\" class=\"yoast-schema-graph\">{\"@context\":\"https:\/\/schema.org\",\"@graph\":[{\"@type\":\"WebPage\",\"@id\":\"https:\/\/sabinaolijve.com\/videa\/\",\"url\":\"https:\/\/sabinaolijve.com\/videa\/\",\"name\":\"Videa - Sabina Olijve\",\"isPartOf\":{\"@id\":\"https:\/\/sabinaolijve.com\/#website\"},\"datePublished\":\"2025-05-16T09:20:25+00:00\",\"dateModified\":\"2025-06-03T13:21:23+00:00\",\"description\":\"Pod\u00edvejte se na hudebn\u00ed videa a \u017eiv\u00e1 vystoupen\u00ed Sabiny Olijve, v\u010detn\u011b jej\u00edho debutov\u00e9ho singlu \u201eSv\u011btlo a st\u00edn\u201c a obl\u00edben\u00fdch cover verz\u00ed.\",\"breadcrumb\":{\"@id\":\"https:\/\/sabinaolijve.com\/videa\/#breadcrumb\"},\"inLanguage\":\"en-GB\",\"potentialAction\":[{\"@type\":\"ReadAction\",\"target\":[\"https:\/\/sabinaolijve.com\/videa\/\"]}]},{\"@type\":\"BreadcrumbList\",\"@id\":\"https:\/\/sabinaolijve.com\/videa\/#breadcrumb\",\"itemListElement\":[{\"@type\":\"ListItem\",\"position\":1,\"name\":\"Dom\u016f\",\"item\":\"https:\/\/sabinaolijve.com\/\"},{\"@type\":\"ListItem\",\"position\":2,\"name\":\"Videa\"}]},{\"@type\":\"WebSite\",\"@id\":\"https:\/\/sabinaolijve.com\/#website\",\"url\":\"https:\/\/sabinaolijve.com\/\",\"name\":\"Sabina Olijve\",\"description\":\"Sabina Olijve - P\u011bveck\u00e9 vystoupen\u00ed za doprovodu kytaristy \u010di cel\u00e9 kapely\",\"publisher\":{\"@id\":\"https:\/\/sabinaolijve.com\/#\/schema\/person\/da4f6312c77bac3e3be035caa84adcfc\"},\"potentialAction\":[{\"@type\":\"SearchAction\",\"target\":{\"@type\":\"EntryPoint\",\"urlTemplate\":\"https:\/\/sabinaolijve.com\/?s={search_term_string}\"},\"query-input\":{\"@type\":\"PropertyValueSpecification\",\"valueRequired\":true,\"valueName\":\"search_term_string\"}}],\"inLanguage\":\"en-GB\"},{\"@type\":[\"Person\",\"Organization\"],\"@id\":\"https:\/\/sabinaolijve.com\/#\/schema\/person\/da4f6312c77bac3e3be035caa84adcfc\",\"name\":\"sabinaolijve\",\"image\":{\"@type\":\"ImageObject\",\"inLanguage\":\"en-GB\",\"@id\":\"https:\/\/sabinaolijve.com\/#\/schema\/person\/image\/\",\"url\":\"https:\/\/secure.gravatar.com\/avatar\/c3413a6bcb8ecbe74e2c68faec9032d0893cab5f94b333469d35953118985cb4?s=96&d=mm&r=g\",\"contentUrl\":\"https:\/\/secure.gravatar.com\/avatar\/c3413a6bcb8ecbe74e2c68faec9032d0893cab5f94b333469d35953118985cb4?s=96&d=mm&r=g\",\"caption\":\"sabinaolijve\"},\"logo\":{\"@id\":\"https:\/\/sabinaolijve.com\/#\/schema\/person\/image\/\"}}]}<\/script>\n<!-- \/ Yoast SEO Premium plugin. -->","yoast_head_json":{"title":"Videa - Sabina Olijve","description":"Pod\u00edvejte se na hudebn\u00ed videa a \u017eiv\u00e1 vystoupen\u00ed Sabiny Olijve, v\u010detn\u011b jej\u00edho debutov\u00e9ho singlu \u201eSv\u011btlo a st\u00edn\u201c a obl\u00edben\u00fdch cover verz\u00ed.","robots":{"index":"index","follow":"follow","max-snippet":"max-snippet:-1","max-image-preview":"max-image-preview:large","max-video-preview":"max-video-preview:-1"},"canonical":"https:\/\/sabinaolijve.com\/en\/videa\/","og_locale":"en_GB","og_type":"article","og_title":"Videa","og_description":"Pod\u00edvejte se na hudebn\u00ed videa a \u017eiv\u00e1 vystoupen\u00ed Sabiny Olijve, v\u010detn\u011b jej\u00edho debutov\u00e9ho singlu \u201eSv\u011btlo a st\u00edn\u201c a obl\u00edben\u00fdch cover verz\u00ed.","og_url":"https:\/\/sabinaolijve.com\/en\/videa\/","og_site_name":"Sabina Olijve","article_modified_time":"2025-06-03T13:21:23+00:00","twitter_card":"summary_large_image","twitter_misc":{"Estimated reading time":"1 minute"},"schema":{"@context":"https:\/\/schema.org","@graph":[{"@type":"WebPage","@id":"https:\/\/sabinaolijve.com\/videa\/","url":"https:\/\/sabinaolijve.com\/videa\/","name":"Videa - Sabina Olijve","isPartOf":{"@id":"https:\/\/sabinaolijve.com\/#website"},"datePublished":"2025-05-16T09:20:25+00:00","dateModified":"2025-06-03T13:21:23+00:00","description":"Pod\u00edvejte se na hudebn\u00ed videa a \u017eiv\u00e1 vystoupen\u00ed Sabiny Olijve, v\u010detn\u011b jej\u00edho debutov\u00e9ho singlu \u201eSv\u011btlo a st\u00edn\u201c a obl\u00edben\u00fdch cover verz\u00ed.","breadcrumb":{"@id":"https:\/\/sabinaolijve.com\/videa\/#breadcrumb"},"inLanguage":"en-GB","potentialAction":[{"@type":"ReadAction","target":["https:\/\/sabinaolijve.com\/videa\/"]}]},{"@type":"BreadcrumbList","@id":"https:\/\/sabinaolijve.com\/videa\/#breadcrumb","itemListElement":[{"@type":"ListItem","position":1,"name":"Dom\u016f","item":"https:\/\/sabinaolijve.com\/"},{"@type":"ListItem","position":2,"name":"Videa"}]},{"@type":"WebSite","@id":"https:\/\/sabinaolijve.com\/#website","url":"https:\/\/sabinaolijve.com\/","name":"Sabina Olijve","description":"Sabina Olijve - P\u011bveck\u00e9 vystoupen\u00ed za doprovodu kytaristy \u010di cel\u00e9 kapely","publisher":{"@id":"https:\/\/sabinaolijve.com\/#\/schema\/person\/da4f6312c77bac3e3be035caa84adcfc"},"potentialAction":[{"@type":"SearchAction","target":{"@type":"EntryPoint","urlTemplate":"https:\/\/sabinaolijve.com\/?s={search_term_string}"},"query-input":{"@type":"PropertyValueSpecification","valueRequired":true,"valueName":"search_term_string"}}],"inLanguage":"en-GB"},{"@type":["Person","Organization"],"@id":"https:\/\/sabinaolijve.com\/#\/schema\/person\/da4f6312c77bac3e3be035caa84adcfc","name":"sabinaolijve","image":{"@type":"ImageObject","inLanguage":"en-GB","@id":"https:\/\/sabinaolijve.com\/#\/schema\/person\/image\/","url":"https:\/\/secure.gravatar.com\/avatar\/c3413a6bcb8ecbe74e2c68faec9032d0893cab5f94b333469d35953118985cb4?s=96&d=mm&r=g","contentUrl":"https:\/\/secure.gravatar.com\/avatar\/c3413a6bcb8ecbe74e2c68faec9032d0893cab5f94b333469d35953118985cb4?s=96&d=mm&r=g","caption":"sabinaolijve"},"logo":{"@id":"https:\/\/sabinaolijve.com\/#\/schema\/person\/image\/"}}]}},"_links":{"self":[{"href":"https:\/\/sabinaolijve.com\/en\/wp-json\/wp\/v2\/pages\/3522","targetHints":{"allow":["GET"]}}],"collection":[{"href":"https:\/\/sabinaolijve.com\/en\/wp-json\/wp\/v2\/pages"}],"about":[{"href":"https:\/\/sabinaolijve.com\/en\/wp-json\/wp\/v2\/types\/page"}],"author":[{"embeddable":true,"href":"https:\/\/sabinaolijve.com\/en\/wp-json\/wp\/v2\/users\/1"}],"replies":[{"embeddable":true,"href":"https:\/\/sabinaolijve.com\/en\/wp-json\/wp\/v2\/comments?post=3522"}],"version-history":[{"count":32,"href":"https:\/\/sabinaolijve.com\/en\/wp-json\/wp\/v2\/pages\/3522\/revisions"}],"predecessor-version":[{"id":3725,"href":"https:\/\/sabinaolijve.com\/en\/wp-json\/wp\/v2\/pages\/3522\/revisions\/3725"}],"wp:attachment":[{"href":"https:\/\/sabinaolijve.com\/en\/wp-json\/wp\/v2\/media?parent=3522"}],"curies":[{"name":"wp","href":"https:\/\/api.w.org\/{rel}","templated":true}]}}